{"id":27,"date":"2022-05-19T15:34:27","date_gmt":"2022-05-19T13:34:27","guid":{"rendered":"http:\/\/populationonevr.fr\/?page_id=27"},"modified":"2024-02-08T14:12:07","modified_gmt":"2024-02-08T13:12:07","slug":"les-zones-de-jeu","status":"publish","type":"page","link":"https:\/\/www.populationonevr.fr\/?page_id=27","title":{"rendered":"Les zones de jeu"},"content":{"rendered":"\n<p>\ud83c\udf0d <strong>D\u00e9couvrez un Terrain de Jeu en Perp\u00e9tuelle \u00c9volution!<\/strong><\/p>\n\n\n\n<p>Dans l&#8217;univers de Population: One, l&#8217;aventure ne conna\u00eet jamais de limites, et avec les r\u00e9centes additions de zones de jeu exceptionnelles telles que &#8220;Metropolis&#8221;, &#8220;Fronti\u00e8re&#8221; ou encore &#8220;Kingdom&#8221;, l&#8217;\u00e9quipe de BIGBOX a encore franchi une \u00e9tape de plus: la &#8220;Ironworks&#8221;! qui remplace &#8220;Avant-poste&#8221;.<\/p>\n\n\n\n<figure class=\"wp-block-pullquote\"><blockquote><p>&#8220;Ironworks&#8221;<\/p><\/blockquote><\/figure>\n\n\n\n<figure class=\"wp-block-image size-large\"><img loading=\"lazy\" width=\"1024\" height=\"578\" src=\"http:\/\/www.populationonevr.fr\/wp-content\/uploads\/2024\/01\/fIronworks-1024x578.jpg\" alt=\"\" class=\"wp-image-533\" srcset=\"https:\/\/www.populationonevr.fr\/wp-content\/uploads\/2024\/01\/fIronworks-1024x578.jpg 1024w, https:\/\/www.populationonevr.fr\/wp-content\/uploads\/2024\/01\/fIronworks-300x169.jpg 300w, https:\/\/www.populationonevr.fr\/wp-content\/uploads\/2024\/01\/fIronworks-768x433.jpg 768w, https:\/\/www.populationonevr.fr\/wp-content\/uploads\/2024\/01\/fIronworks-106x60.jpg 106w, https:\/\/www.populationonevr.fr\/wp-content\/uploads\/2024\/01\/fIronworks-840x473.jpg 840w, https:\/\/www.populationonevr.fr\/wp-content\/uploads\/2024\/01\/fIronworks.jpg 1195w\" sizes=\"(max-width: 1024px) 100vw, 1024px\" \/><\/figure>\n\n\n\n<figure class=\"wp-block-pullquote\"><blockquote><p>&#8220;M\u00e9tropolis&#8221;<\/p><\/blockquote><\/figure>\n\n\n\n<figure class=\"wp-block-image size-large\"><img loading=\"lazy\" width=\"1024\" height=\"578\" src=\"http:\/\/www.populationonevr.fr\/wp-content\/uploads\/2024\/01\/fmetropolis-1024x578.jpg\" alt=\"\" class=\"wp-image-541\" srcset=\"https:\/\/www.populationonevr.fr\/wp-content\/uploads\/2024\/01\/fmetropolis-1024x578.jpg 1024w, https:\/\/www.populationonevr.fr\/wp-content\/uploads\/2024\/01\/fmetropolis-300x169.jpg 300w, https:\/\/www.populationonevr.fr\/wp-content\/uploads\/2024\/01\/fmetropolis-768x433.jpg 768w, https:\/\/www.populationonevr.fr\/wp-content\/uploads\/2024\/01\/fmetropolis-106x60.jpg 106w, https:\/\/www.populationonevr.fr\/wp-content\/uploads\/2024\/01\/fmetropolis-840x473.jpg 840w, https:\/\/www.populationonevr.fr\/wp-content\/uploads\/2024\/01\/fmetropolis.jpg 1195w\" sizes=\"(max-width: 1024px) 100vw, 1024px\" \/><\/figure>\n\n\n\n<figure class=\"wp-block-pullquote\"><blockquote><p>&#8220;Kingdom&#8221;<\/p><\/blockquote><\/figure>\n\n\n\n<figure class=\"wp-block-image size-large\"><img loading=\"lazy\" width=\"1024\" height=\"578\" src=\"http:\/\/www.populationonevr.fr\/wp-content\/uploads\/2024\/01\/fkingdom-1024x578.jpg\" alt=\"\" class=\"wp-image-542\" srcset=\"https:\/\/www.populationonevr.fr\/wp-content\/uploads\/2024\/01\/fkingdom-1024x578.jpg 1024w, https:\/\/www.populationonevr.fr\/wp-content\/uploads\/2024\/01\/fkingdom-300x169.jpg 300w, https:\/\/www.populationonevr.fr\/wp-content\/uploads\/2024\/01\/fkingdom-768x433.jpg 768w, https:\/\/www.populationonevr.fr\/wp-content\/uploads\/2024\/01\/fkingdom-106x60.jpg 106w, https:\/\/www.populationonevr.fr\/wp-content\/uploads\/2024\/01\/fkingdom-840x473.jpg 840w, https:\/\/www.populationonevr.fr\/wp-content\/uploads\/2024\/01\/fkingdom.jpg 1195w\" sizes=\"(max-width: 1024px) 100vw, 1024px\" \/><\/figure>\n\n\n\n<figure class=\"wp-block-pullquote\"><blockquote><p>&#8220;Fronti\u00e8re&#8221;<\/p><\/blockquote><\/figure>\n\n\n\n<figure class=\"wp-block-image size-large\"><img loading=\"lazy\" width=\"1024\" height=\"578\" src=\"http:\/\/www.populationonevr.fr\/wp-content\/uploads\/2024\/01\/ffrontier-1024x578.jpg\" alt=\"\" class=\"wp-image-545\" srcset=\"https:\/\/www.populationonevr.fr\/wp-content\/uploads\/2024\/01\/ffrontier-1024x578.jpg 1024w, https:\/\/www.populationonevr.fr\/wp-content\/uploads\/2024\/01\/ffrontier-300x169.jpg 300w, https:\/\/www.populationonevr.fr\/wp-content\/uploads\/2024\/01\/ffrontier-768x433.jpg 768w, https:\/\/www.populationonevr.fr\/wp-content\/uploads\/2024\/01\/ffrontier-106x60.jpg 106w, https:\/\/www.populationonevr.fr\/wp-content\/uploads\/2024\/01\/ffrontier-840x473.jpg 840w, https:\/\/www.populationonevr.fr\/wp-content\/uploads\/2024\/01\/ffrontier.jpg 1195w\" sizes=\"(max-width: 1024px) 100vw, 1024px\" \/><\/figure>\n\n\n\n<figure class=\"wp-block-pullquote\"><blockquote><p>&#8220;Sommet&#8221;<\/p><\/blockquote><\/figure>\n\n\n\n<figure class=\"wp-block-image size-large\"><img loading=\"lazy\" width=\"1024\" height=\"578\" src=\"http:\/\/www.populationonevr.fr\/wp-content\/uploads\/2024\/01\/fsommet-1024x578.jpg\" alt=\"\" class=\"wp-image-546\" srcset=\"https:\/\/www.populationonevr.fr\/wp-content\/uploads\/2024\/01\/fsommet-1024x578.jpg 1024w, https:\/\/www.populationonevr.fr\/wp-content\/uploads\/2024\/01\/fsommet-300x169.jpg 300w, https:\/\/www.populationonevr.fr\/wp-content\/uploads\/2024\/01\/fsommet-768x433.jpg 768w, https:\/\/www.populationonevr.fr\/wp-content\/uploads\/2024\/01\/fsommet-106x60.jpg 106w, https:\/\/www.populationonevr.fr\/wp-content\/uploads\/2024\/01\/fsommet-840x473.jpg 840w, https:\/\/www.populationonevr.fr\/wp-content\/uploads\/2024\/01\/fsommet.jpg 1195w\" sizes=\"(max-width: 1024px) 100vw, 1024px\" \/><\/figure>\n\n\n\n<figure class=\"wp-block-pullquote\"><blockquote><p>&#8220;Cimeti\u00e8re&#8221;<\/p><\/blockquote><\/figure>\n\n\n\n<figure class=\"wp-block-image size-large\"><img loading=\"lazy\" width=\"1024\" height=\"578\" src=\"http:\/\/www.populationonevr.fr\/wp-content\/uploads\/2024\/01\/fcemetery-1024x578.jpg\" alt=\"\" class=\"wp-image-549\" srcset=\"https:\/\/www.populationonevr.fr\/wp-content\/uploads\/2024\/01\/fcemetery-1024x578.jpg 1024w, https:\/\/www.populationonevr.fr\/wp-content\/uploads\/2024\/01\/fcemetery-300x169.jpg 300w, https:\/\/www.populationonevr.fr\/wp-content\/uploads\/2024\/01\/fcemetery-768x433.jpg 768w, https:\/\/www.populationonevr.fr\/wp-content\/uploads\/2024\/01\/fcemetery-106x60.jpg 106w, https:\/\/www.populationonevr.fr\/wp-content\/uploads\/2024\/01\/fcemetery-840x473.jpg 840w, https:\/\/www.populationonevr.fr\/wp-content\/uploads\/2024\/01\/fcemetery.jpg 1195w\" sizes=\"(max-width: 1024px) 100vw, 1024px\" \/><\/figure>\n\n\n\n<figure class=\"wp-block-pullquote\"><blockquote><p>&#8220;Observatoire&#8221;<\/p><\/blockquote><\/figure>\n\n\n\n<figure class=\"wp-block-image size-large\"><img loading=\"lazy\" width=\"1024\" height=\"578\" src=\"http:\/\/www.populationonevr.fr\/wp-content\/uploads\/2024\/01\/fobservatoire-1024x578.jpg\" alt=\"\" class=\"wp-image-552\" srcset=\"https:\/\/www.populationonevr.fr\/wp-content\/uploads\/2024\/01\/fobservatoire-1024x578.jpg 1024w, https:\/\/www.populationonevr.fr\/wp-content\/uploads\/2024\/01\/fobservatoire-300x169.jpg 300w, https:\/\/www.populationonevr.fr\/wp-content\/uploads\/2024\/01\/fobservatoire-768x433.jpg 768w, https:\/\/www.populationonevr.fr\/wp-content\/uploads\/2024\/01\/fobservatoire-106x60.jpg 106w, https:\/\/www.populationonevr.fr\/wp-content\/uploads\/2024\/01\/fobservatoire-840x473.jpg 840w, https:\/\/www.populationonevr.fr\/wp-content\/uploads\/2024\/01\/fobservatoire.jpg 1195w\" sizes=\"(max-width: 1024px) 100vw, 1024px\" \/><\/figure>\n\n\n\n<figure class=\"wp-block-pullquote\"><blockquote><p>&#8220;Armurerie&#8221;<\/p><\/blockquote><\/figure>\n\n\n\n<figure class=\"wp-block-image size-large\"><img loading=\"lazy\" width=\"1024\" height=\"578\" src=\"http:\/\/www.populationonevr.fr\/wp-content\/uploads\/2024\/01\/farmurerie-1024x578.jpg\" alt=\"\" class=\"wp-image-553\" srcset=\"https:\/\/www.populationonevr.fr\/wp-content\/uploads\/2024\/01\/farmurerie-1024x578.jpg 1024w, https:\/\/www.populationonevr.fr\/wp-content\/uploads\/2024\/01\/farmurerie-300x169.jpg 300w, https:\/\/www.populationonevr.fr\/wp-content\/uploads\/2024\/01\/farmurerie-768x433.jpg 768w, https:\/\/www.populationonevr.fr\/wp-content\/uploads\/2024\/01\/farmurerie-106x60.jpg 106w, https:\/\/www.populationonevr.fr\/wp-content\/uploads\/2024\/01\/farmurerie-840x473.jpg 840w, https:\/\/www.populationonevr.fr\/wp-content\/uploads\/2024\/01\/farmurerie.jpg 1195w\" sizes=\"(max-width: 1024px) 100vw, 1024px\" \/><\/figure>\n\n\n\n<figure class=\"wp-block-pullquote\"><blockquote><p>&#8220;Plaines&#8221;<\/p><\/blockquote><\/figure>\n\n\n\n<figure class=\"wp-block-image size-large\"><img loading=\"lazy\" width=\"1024\" height=\"578\" src=\"http:\/\/www.populationonevr.fr\/wp-content\/uploads\/2024\/01\/fplaines-1024x578.jpg\" alt=\"\" class=\"wp-image-554\" srcset=\"https:\/\/www.populationonevr.fr\/wp-content\/uploads\/2024\/01\/fplaines-1024x578.jpg 1024w, https:\/\/www.populationonevr.fr\/wp-content\/uploads\/2024\/01\/fplaines-300x169.jpg 300w, https:\/\/www.populationonevr.fr\/wp-content\/uploads\/2024\/01\/fplaines-768x433.jpg 768w, https:\/\/www.populationonevr.fr\/wp-content\/uploads\/2024\/01\/fplaines-106x60.jpg 106w, https:\/\/www.populationonevr.fr\/wp-content\/uploads\/2024\/01\/fplaines-840x473.jpg 840w, https:\/\/www.populationonevr.fr\/wp-content\/uploads\/2024\/01\/fplaines.jpg 1195w\" sizes=\"(max-width: 1024px) 100vw, 1024px\" \/><\/figure>\n\n\n\n<figure class=\"wp-block-pullquote\"><blockquote><p>&#8220;La carte compl\u00e8te&#8221;<\/p><\/blockquote><\/figure>\n\n\n<div class=\"wp-block-image\">\n<figure class=\"aligncenter size-full\"><img loading=\"lazy\" width=\"720\" height=\"720\" src=\"http:\/\/populationonevr.fr\/wp-content\/uploads\/2022\/05\/map-metropolis.jpg\" alt=\"\" class=\"wp-image-109\" srcset=\"https:\/\/www.populationonevr.fr\/wp-content\/uploads\/2022\/05\/map-metropolis.jpg 720w, https:\/\/www.populationonevr.fr\/wp-content\/uploads\/2022\/05\/map-metropolis-300x300.jpg 300w, https:\/\/www.populationonevr.fr\/wp-content\/uploads\/2022\/05\/map-metropolis-150x150.jpg 150w, https:\/\/www.populationonevr.fr\/wp-content\/uploads\/2022\/05\/map-metropolis-60x60.jpg 60w\" sizes=\"(max-width: 720px) 100vw, 720px\" \/><\/figure><\/div>","protected":false},"excerpt":{"rendered":"<p>\ud83c\udf0d D\u00e9couvrez un Terrain de Jeu en Perp\u00e9tuelle \u00c9volution! Dans l&#8217;univers de Population: One, l&#8217;aventure ne conna\u00eet jamais de limites, et avec les r\u00e9centes additions &hellip; <\/p>\n","protected":false},"author":1,"featured_media":0,"parent":0,"menu_order":0,"comment_status":"closed","ping_status":"closed","template":"","meta":[],"_links":{"self":[{"href":"https:\/\/www.populationonevr.fr\/index.php?rest_route=\/wp\/v2\/pages\/27"}],"collection":[{"href":"https:\/\/www.populationonevr.fr\/index.php?rest_route=\/wp\/v2\/pages"}],"about":[{"href":"https:\/\/www.populationonevr.fr\/index.php?rest_route=\/wp\/v2\/types\/page"}],"author":[{"embeddable":true,"href":"https:\/\/www.populationonevr.fr\/index.php?rest_route=\/wp\/v2\/users\/1"}],"replies":[{"embeddable":true,"href":"https:\/\/www.populationonevr.fr\/index.php?rest_route=%2Fwp%2Fv2%2Fcomments&post=27"}],"version-history":[{"count":12,"href":"https:\/\/www.populationonevr.fr\/index.php?rest_route=\/wp\/v2\/pages\/27\/revisions"}],"predecessor-version":[{"id":609,"href":"https:\/\/www.populationonevr.fr\/index.php?rest_route=\/wp\/v2\/pages\/27\/revisions\/609"}],"wp:attachment":[{"href":"https:\/\/www.populationonevr.fr\/index.php?rest_route=%2Fwp%2Fv2%2Fmedia&parent=27"}],"curies":[{"name":"wp","href":"https:\/\/api.w.org\/{rel}","templated":true}]}}