{"id":2,"date":"2022-05-19T13:33:26","date_gmt":"2022-05-19T11:33:26","guid":{"rendered":"http:\/\/populationonevr.fr\/?page_id=2"},"modified":"2024-01-28T14:17:32","modified_gmt":"2024-01-28T13:17:32","slug":"page-d-exemple","status":"publish","type":"page","link":"https:\/\/www.populationonevr.fr\/?page_id=2","title":{"rendered":"L&#8217;armement"},"content":{"rendered":"\n<p><strong>Un petit listing des armes avec d\u00e9tails<\/strong><\/p>\n\n\n\n<figure class=\"wp-block-pullquote\"><blockquote><p><strong>LE SPR<\/strong><\/p><\/blockquote><\/figure>\n\n\n\n<p>Le SPR Un fusil de pr\u00e9cision semi-automatique \u00e0 6 coups avec un NOUVEAU type de lunette : un vid\u00e9oscope.<\/p>\n\n\n<div class=\"wp-block-image\">\n<figure class=\"aligncenter size-large\"><img loading=\"lazy\" width=\"1024\" height=\"578\" src=\"http:\/\/www.populationonevr.fr\/wp-content\/uploads\/2024\/01\/SPR-1024x578.jpg\" alt=\"\" class=\"wp-image-521\" srcset=\"https:\/\/www.populationonevr.fr\/wp-content\/uploads\/2024\/01\/SPR-1024x578.jpg 1024w, https:\/\/www.populationonevr.fr\/wp-content\/uploads\/2024\/01\/SPR-300x169.jpg 300w, https:\/\/www.populationonevr.fr\/wp-content\/uploads\/2024\/01\/SPR-768x433.jpg 768w, https:\/\/www.populationonevr.fr\/wp-content\/uploads\/2024\/01\/SPR-106x60.jpg 106w, https:\/\/www.populationonevr.fr\/wp-content\/uploads\/2024\/01\/SPR-840x473.jpg 840w, https:\/\/www.populationonevr.fr\/wp-content\/uploads\/2024\/01\/SPR.jpg 1195w\" sizes=\"(max-width: 1024px) 100vw, 1024px\" \/><\/figure><\/div>\n\n\n<figure class=\"wp-block-pullquote\"><blockquote><p><strong>LE MP9 ET LE TEC9<\/strong><\/p><\/blockquote><\/figure>\n\n\n\n<p>Le MP9 Un SMG l\u00e9ger \u00e9quip\u00e9 d&#8217;un pointeur laser, id\u00e9al pour la pr\u00e9cision tout en gardant la mobilit\u00e9 et le TEC9 Un pistolet-mitrailleur puissant avec un recul \u00e9lev\u00e9, qui, une fois ma\u00eetris\u00e9, peut rapidement infliger des d\u00e9g\u00e2ts extr\u00eames.<\/p>\n\n\n<div class=\"wp-block-image\">\n<figure class=\"aligncenter size-large\"><img loading=\"lazy\" width=\"1024\" height=\"578\" src=\"http:\/\/www.populationonevr.fr\/wp-content\/uploads\/2024\/01\/mp9-et-tec9-1024x578.jpg\" alt=\"\" class=\"wp-image-520\" srcset=\"https:\/\/www.populationonevr.fr\/wp-content\/uploads\/2024\/01\/mp9-et-tec9-1024x578.jpg 1024w, https:\/\/www.populationonevr.fr\/wp-content\/uploads\/2024\/01\/mp9-et-tec9-300x169.jpg 300w, https:\/\/www.populationonevr.fr\/wp-content\/uploads\/2024\/01\/mp9-et-tec9-768x433.jpg 768w, https:\/\/www.populationonevr.fr\/wp-content\/uploads\/2024\/01\/mp9-et-tec9-106x60.jpg 106w, https:\/\/www.populationonevr.fr\/wp-content\/uploads\/2024\/01\/mp9-et-tec9-840x473.jpg 840w, https:\/\/www.populationonevr.fr\/wp-content\/uploads\/2024\/01\/mp9-et-tec9.jpg 1195w\" sizes=\"(max-width: 1024px) 100vw, 1024px\" \/><\/figure><\/div>\n\n\n<figure class=\"wp-block-pullquote\"><blockquote><p><strong>LE COUTEAU<\/strong><\/p><\/blockquote><\/figure>\n\n\n\n<ul><li>Il inflige 35 de d\u00e9g\u00e2ts par coup<\/li><\/ul>\n\n\n\n<ul><li>N&#8217;entame pas l&#8217;armure<\/li><\/ul>\n\n\n\n<ul><li>Se manie \u00e0 une main et augmente la vitesse de marche de 15%<\/li><\/ul>\n\n\n<div class=\"wp-block-image\">\n<figure class=\"aligncenter size-full\"><img loading=\"lazy\" width=\"500\" height=\"281\" src=\"http:\/\/www.populationonevr.fr\/wp-content\/uploads\/2024\/01\/fcouteau.jpg\" alt=\"\" class=\"wp-image-581\" srcset=\"https:\/\/www.populationonevr.fr\/wp-content\/uploads\/2024\/01\/fcouteau.jpg 500w, https:\/\/www.populationonevr.fr\/wp-content\/uploads\/2024\/01\/fcouteau-300x169.jpg 300w, https:\/\/www.populationonevr.fr\/wp-content\/uploads\/2024\/01\/fcouteau-107x60.jpg 107w\" sizes=\"(max-width: 500px) 100vw, 500px\" \/><\/figure><\/div>\n\n\n<figure class=\"wp-block-pullquote\"><blockquote><p><strong>LE KATANA<\/strong><\/p><\/blockquote><\/figure>\n\n\n\n<ul><li>Il inflige 75 de d\u00e9g\u00e2ts par coup<\/li><\/ul>\n\n\n\n<ul><li>N&#8217;entame pas l&#8217;armure<\/li><\/ul>\n\n\n\n<ul><li>Abat un mur en 2coups<\/li><\/ul>\n\n\n\n<ul><li>Se manie \u00e0 une ou deux mains et augmente la vitesse de marche de 15%<\/li><\/ul>\n\n\n<div class=\"wp-block-image\">\n<figure class=\"aligncenter size-full\"><img loading=\"lazy\" width=\"500\" height=\"228\" src=\"http:\/\/www.populationonevr.fr\/wp-content\/uploads\/2024\/01\/fkatana.jpg\" alt=\"\" class=\"wp-image-582\" srcset=\"https:\/\/www.populationonevr.fr\/wp-content\/uploads\/2024\/01\/fkatana.jpg 500w, https:\/\/www.populationonevr.fr\/wp-content\/uploads\/2024\/01\/fkatana-300x137.jpg 300w, https:\/\/www.populationonevr.fr\/wp-content\/uploads\/2024\/01\/fkatana-132x60.jpg 132w\" sizes=\"(max-width: 500px) 100vw, 500px\" \/><\/figure><\/div>\n\n\n<figure class=\"wp-block-pullquote\"><blockquote><p><strong>L&#8217;AKM<\/strong><\/p><\/blockquote><\/figure>\n\n\n<div class=\"wp-block-image\">\n<figure class=\"aligncenter size-full\"><img loading=\"lazy\" width=\"1000\" height=\"341\" src=\"http:\/\/www.populationonevr.fr\/wp-content\/uploads\/2024\/01\/fakm.jpg\" alt=\"\" class=\"wp-image-585\" srcset=\"https:\/\/www.populationonevr.fr\/wp-content\/uploads\/2024\/01\/fakm.jpg 1000w, https:\/\/www.populationonevr.fr\/wp-content\/uploads\/2024\/01\/fakm-300x102.jpg 300w, https:\/\/www.populationonevr.fr\/wp-content\/uploads\/2024\/01\/fakm-768x262.jpg 768w, https:\/\/www.populationonevr.fr\/wp-content\/uploads\/2024\/01\/fakm-176x60.jpg 176w\" sizes=\"(max-width: 1000px) 100vw, 1000px\" \/><\/figure><\/div>","protected":false},"excerpt":{"rendered":"<p>Un petit listing des armes avec d\u00e9tails LE SPR Le SPR Un fusil de pr\u00e9cision semi-automatique \u00e0 6 coups avec un NOUVEAU type de lunette &hellip; <\/p>\n","protected":false},"author":1,"featured_media":0,"parent":0,"menu_order":0,"comment_status":"closed","ping_status":"open","template":"","meta":[],"_links":{"self":[{"href":"https:\/\/www.populationonevr.fr\/index.php?rest_route=\/wp\/v2\/pages\/2"}],"collection":[{"href":"https:\/\/www.populationonevr.fr\/index.php?rest_route=\/wp\/v2\/pages"}],"about":[{"href":"https:\/\/www.populationonevr.fr\/index.php?rest_route=\/wp\/v2\/types\/page"}],"author":[{"embeddable":true,"href":"https:\/\/www.populationonevr.fr\/index.php?rest_route=\/wp\/v2\/users\/1"}],"replies":[{"embeddable":true,"href":"https:\/\/www.populationonevr.fr\/index.php?rest_route=%2Fwp%2Fv2%2Fcomments&post=2"}],"version-history":[{"count":10,"href":"https:\/\/www.populationonevr.fr\/index.php?rest_route=\/wp\/v2\/pages\/2\/revisions"}],"predecessor-version":[{"id":590,"href":"https:\/\/www.populationonevr.fr\/index.php?rest_route=\/wp\/v2\/pages\/2\/revisions\/590"}],"wp:attachment":[{"href":"https:\/\/www.populationonevr.fr\/index.php?rest_route=%2Fwp%2Fv2%2Fmedia&parent=2"}],"curies":[{"name":"wp","href":"https:\/\/api.w.org\/{rel}","templated":true}]}}